{"id":12828,"date":"2021-09-19T17:23:34","date_gmt":"2021-09-19T15:23:34","guid":{"rendered":"http:\/\/www.centre-dermatologique.com\/?page_id=12828"},"modified":"2021-10-05T15:58:16","modified_gmt":"2021-10-05T13:58:16","slug":"mentions-legales","status":"publish","type":"page","link":"https:\/\/www.centre-dermatologique.com\/index.php\/mentions-legales\/","title":{"rendered":"Mentions l\u00e9gales"},"content":{"rendered":"\n<p>Bienvenu sur www.centre-dermatologique.com Le site web d\u2019information du Centre laser Dermatologique Rapha\u00eblois (CLDR).<\/p>\n\n\n\n<p>Le site est \u00e9dit\u00e9 par le CLDR.<\/p>\n\n\n\n<p>Auteur des informations m\u00e9dicales contenues sur le pr\u00e9sent site : Docteur Olivier Samson dermatologue.<\/p>\n\n\n\n<p>Il est h\u00e9berg\u00e9 en France par la Soci\u00e9t\u00e9 OVH.<\/p>\n\n\n\n<p>Toute information m\u00e9dicale fournie sur le site www.centre-dermatologique.com est donn\u00e9e uniquement par le CLDR.<\/p>\n\n\n\n<p>L&rsquo;information diffus\u00e9e sur le site est essentiellement destin\u00e9e au grand public, elle cherche \u00e0 encourager, et non \u00e0 remplacer, les relations existantes entre patient et m\u00e9decin.<\/p>\n\n\n\n<p>Les informations personnelles concernant les patients et les visiteurs du site www.centre-dermatologique.com y compris leur identit\u00e9, sont confidentielles. Le responsable du site s\u2019engage sur l\u2019honneur \u00e0 respecter les conditions l\u00e9gales de confidentialit\u00e9 des informations m\u00e9dicales applicables en France.<\/p>\n\n\n\n<p>Conform\u00e9ment \u00e0 la Loi n\u00b078-17 relative \u00e0 l\u2019informatique, aux fichiers et aux libert\u00e9s du 6 janvier 1978, vous disposez d\u2019un droit d\u2019acc\u00e8s, de rectification et de suppression des donn\u00e9es personnelles que vous nous avez communiqu\u00e9es. Vous pouvez exercer ce droit en envoyant un courrier \u00e9lectronique \u00e0 l&rsquo;adresse : centredermatologique@gmail.com<\/p>\n\n\n\n<p>Les sources des informations pr\u00e9sentes sur le site sont issues des travaux du CLDR et du docteur Olivier Samson dermatologue identifi\u00e9s sur la page : http:\/\/samson.tematictest2.com\/fr\/qui-sommes-nous.2.html<\/p>\n\n\n\n<p>Toute affirmation relative, au b\u00e9n\u00e9fice ou \u00e0 la performance d\u2019un traitement donn\u00e9, d\u2019un produit ou d\u2019un service commercial, est associ\u00e9e \u00e0 des \u00e9l\u00e9ments de preuve appropri\u00e9es et pond\u00e9r\u00e9es selon les informations donn\u00e9es par le docteur Olivier Samson dermatologue las\u00e9riste sp\u00e9cialis\u00e9. La comp\u00e9tence du docteur Samson dans les domaines de la dermatologie esth\u00e9tique et laser est identifi\u00e9e sur le site : http:\/\/www.dermatologue-samson.fr\/fr\/titresettravaux.html<\/p>\n\n\n\n<p>Le CLDR s\u2019efforce de fournir l\u2019information de la fa\u00e7on la plus claire possible. Les visiteurs du site qui d\u00e9sireraient obtenir des d\u00e9tails ou du soutien peuvent la contacter \u00e0 l\u2019adresse mail centredermatologique@gmail.com et via un formulaire sur la page de contact : http:\/\/samson.tematictest2.com\/fr\/contact.20.html<\/p>\n\n\n\n<p>Le site web www.centre-dermatologique.com ne diffuse aucun type de publicit\u00e9.<\/p>\n\n\n\n<p><strong>Financement de notre site<\/strong><\/p>\n\n\n\n<p>Le CLDR n&rsquo;a re\u00e7u aucun financement pour la r\u00e9alisation de ce site qui a \u00e9t\u00e9 financ\u00e9 par ses propres moyens.<\/p>\n\n\n\n<p><strong>Propri\u00e9t\u00e9 intellectuelle<\/strong><\/p>\n\n\n\n<p>Le CLDR d\u00e9cline toute responsabilit\u00e9 pour toute interruption du site, probl\u00e8mes techniques et pour tous dommages r\u00e9sultant d\u2019une intrusion frauduleuse d\u2019un tiers ayant entra\u00een\u00e9 une modification des informations mises \u00e0 la disposition sur le site.<\/p>\n\n\n\n<p>La reproduction de tous documents publi\u00e9s sur le site www.centre-dermatologique.com est seulement autoris\u00e9e aux fins exclusives d\u2019information pour un usage personnel et priv\u00e9, toute reproduction et toute utilisation de copies r\u00e9alis\u00e9es \u00e0 d\u2019autres fins \u00e9tant express\u00e9ment interdites.<\/p>\n\n\n\n<p>Tous les article, photographies et autres documents sur ce site sont la propri\u00e9t\u00e9 du CLDR ou sont diffus\u00e9s avec l\u2019autorisation de leurs propri\u00e9taires, et sont soumis aux droits d\u2019auteurs et autres droits de propri\u00e9t\u00e9 intellectuelle.<\/p>\n\n\n\n<p>Toutes les donn\u00e9es personnelles qui sont recueillies sont trait\u00e9es avec la plus stricte confidentialit\u00e9. En particulier, le site s\u2019engage \u00e0 respecter la confidentialit\u00e9 des messages courriels transmis au moyen d\u2019une messagerie \u00e9lectronique.<\/p>\n\n\n\n<p>Le Centre respecte le r\u00e8glement g\u00e9n\u00e9ral relatif \u00e0 la protection des donn\u00e9es (RGPD)du 27 avril 2016 entr\u00e9 en vigueur le 25 mai 2018.<\/p>\n","protected":false},"excerpt":{"rendered":"<p>Bienvenu sur www.centre-dermatologique.com Le site web d\u2019information du Centre laser Dermatologique Rapha\u00eblois (CLDR). Le site est \u00e9dit\u00e9 par le CLDR. Auteur des informations m\u00e9dicales contenues sur le pr\u00e9sent site : Docteur Olivier Samson dermatologue. Il est h\u00e9berg\u00e9 en France par la Soci\u00e9t\u00e9 OVH. Toute information m\u00e9dicale fournie sur le site www.centre-dermatologique.com est donn\u00e9e uniquement par &hellip;<\/p>\n","protected":false},"author":1,"featured_media":0,"parent":0,"menu_order":0,"comment_status":"closed","ping_status":"closed","template":"","meta":{"_thefuturmeta_header_display":true,"_thefuturmeta_header_style":"style-one","_thefuturmeta_header_border":false,"_thefuturmeta_header_main_nav":true,"_thefuturmeta_header_main_nav_pos":"right","_thefuturmeta_header_main_nav_light":false,"_thefuturmeta_header_sec_nav_style":"empty","_thefuturmeta_header_sec_nav":true,"_thefuturmeta_header_sec_nav_light":false,"_thefuturmeta_header_sec_logo":false,"_thefuturmeta_header_bg":"light","_thefuturmeta_header_sticky":true,"_thefuturmeta_header_woo_my_acc_display":false,"_thefuturmeta_header_woo_cart_display":false,"_thefuturmeta_header_woo_icon_light":false,"_thefuturmeta_header_sticky_style":"style-one","_thefuturmeta_header_sticky_main_nav":true,"_thefuturmeta_header_sticky_border":true,"_thefuturmeta_header_sticky_main_nav_pos":"right","_thefuturmeta_header_sticky_main_nav_light":false,"_thefuturmeta_header_sticky_sec_nav_style":"empty","_thefuturmeta_header_sticky_sec_nav":true,"_thefuturmeta_header_sticky_sec_nav_light":false,"_thefuturmeta_header_sticky_sec_logo":false,"_thefuturmeta_header_sticky_bg":"light","_thefuturmeta_header_sticky_woo_my_acc_display":false,"_thefuturmeta_header_sticky_woo_cart_display":false,"_thefuturmeta_header_sticky_woo_icon_light":false,"_thefuturmeta_footer_widget":true,"_thefuturmeta_footer_info":true,"_thefuturmeta_footer_fixed":false,"_thefuturmeta_main_cont_padding_top":90,"_thefuturmeta_main_cont_padding_bot":90,"_thefuturmeta_cursor_circle_light":false,"_thefuturmeta_post_title_visibility":true,"_thefuturmeta_post_title_alignment":"ta-l","_thefuturmeta_post_layout":"","_thefuturmeta_post_static_id":0,"_thefuturmeta_post_loader":false,"_thefuturmeta_post_title_color":"#1f1f1f","_thefuturmeta_post_bg_color":"#f7f8f9","footnotes":""},"class_list":["post-12828","page","type-page","status-publish","hentry"],"_links":{"self":[{"href":"https:\/\/www.centre-dermatologique.com\/index.php\/wp-json\/wp\/v2\/pages\/12828","targetHints":{"allow":["GET"]}}],"collection":[{"href":"https:\/\/www.centre-dermatologique.com\/index.php\/wp-json\/wp\/v2\/pages"}],"about":[{"href":"https:\/\/www.centre-dermatologique.com\/index.php\/wp-json\/wp\/v2\/types\/page"}],"author":[{"embeddable":true,"href":"https:\/\/www.centre-dermatologique.com\/index.php\/wp-json\/wp\/v2\/users\/1"}],"replies":[{"embeddable":true,"href":"https:\/\/www.centre-dermatologique.com\/index.php\/wp-json\/wp\/v2\/comments?post=12828"}],"version-history":[{"count":3,"href":"https:\/\/www.centre-dermatologique.com\/index.php\/wp-json\/wp\/v2\/pages\/12828\/revisions"}],"predecessor-version":[{"id":12999,"href":"https:\/\/www.centre-dermatologique.com\/index.php\/wp-json\/wp\/v2\/pages\/12828\/revisions\/12999"}],"wp:attachment":[{"href":"https:\/\/www.centre-dermatologique.com\/index.php\/wp-json\/wp\/v2\/media?parent=12828"}],"curies":[{"name":"wp","href":"https:\/\/api.w.org\/{rel}","templated":true}]}}