{"id":10862,"date":"2021-01-02T23:02:59","date_gmt":"2021-01-02T23:02:59","guid":{"rendered":"https:\/\/futurtheme.maitreart.com\/?page_id=10862"},"modified":"2022-02-18T23:42:03","modified_gmt":"2022-02-18T22:42:03","slug":"accueil","status":"publish","type":"page","link":"https:\/\/www.centre-dermatologique.com\/","title":{"rendered":"Accueil"},"content":{"rendered":"\n<div class=\"wp-block-thefuturblocks-webgl-slider alignfull is-draggable is-scrollable has-autoplay\" data-autoplay=\"11.5\">\n<div class=\"wp-block-thefuturblocks-webgl-slide\"><div class=\"wp-block-thefuturblocks-webgl-slide__image\"><img decoding=\"async\" width=\"1920\" height=\"1080\" src=\"http:\/\/www.centre-dermatologique.com\/wp-content\/uploads\/2021\/07\/SITE_CLDR-1.png\" alt=\"\" class=\"wp-image-12365\" srcset=\"https:\/\/www.centre-dermatologique.com\/wp-content\/uploads\/2021\/07\/SITE_CLDR-1.png 1920w, https:\/\/www.centre-dermatologique.com\/wp-content\/uploads\/2021\/07\/SITE_CLDR-1-300x169.png 300w, https:\/\/www.centre-dermatologique.com\/wp-content\/uploads\/2021\/07\/SITE_CLDR-1-1024x576.png 1024w, https:\/\/www.centre-dermatologique.com\/wp-content\/uploads\/2021\/07\/SITE_CLDR-1-768x432.png 768w, https:\/\/www.centre-dermatologique.com\/wp-content\/uploads\/2021\/07\/SITE_CLDR-1-1536x864.png 1536w, https:\/\/www.centre-dermatologique.com\/wp-content\/uploads\/2021\/07\/SITE_CLDR-1-1200x675.png 1200w\" sizes=\"(max-width: 1980px) calc(100vw + 1.25rem*2 + 0.625rem*2), 1920px\" \/><\/div><div class=\"wp-block-thefuturblocks-webgl-slide__inner-wrapper\"><div class=\"wp-block-thefuturblocks-webgl-slide__inner-container has-89-w@large has-60-w@small\"><div class=\"wp-block-thefuturblocks-webgl-slide__inner\"><div class=\"wp-block-thefuturblocks-webgl-slide__content\"><h6 class=\"wp-block-thefuturblocks-webgl-slide__subtitle has-white-color\"><\/h6><h2 class=\"wp-block-thefuturblocks-webgl-slide__title has-white-color has-fz-38@small\">Bienvenue au Centre de m\u00e9decine esth\u00e9tique de Saint-Rapha\u00ebl<\/h2><\/div>\n<p><\/p>\n<\/div><\/div><\/div><\/div>\n\n\n\n<div class=\"wp-block-thefuturblocks-webgl-slide\"><div class=\"wp-block-thefuturblocks-webgl-slide__image\"><img decoding=\"async\" width=\"1920\" height=\"1080\" src=\"http:\/\/www.centre-dermatologique.com\/wp-content\/uploads\/2021\/07\/34.png\" alt=\"\" class=\"wp-image-12366\" srcset=\"https:\/\/www.centre-dermatologique.com\/wp-content\/uploads\/2021\/07\/34.png 1920w, https:\/\/www.centre-dermatologique.com\/wp-content\/uploads\/2021\/07\/34-300x169.png 300w, https:\/\/www.centre-dermatologique.com\/wp-content\/uploads\/2021\/07\/34-1024x576.png 1024w, https:\/\/www.centre-dermatologique.com\/wp-content\/uploads\/2021\/07\/34-768x432.png 768w, https:\/\/www.centre-dermatologique.com\/wp-content\/uploads\/2021\/07\/34-1536x864.png 1536w, https:\/\/www.centre-dermatologique.com\/wp-content\/uploads\/2021\/07\/34-1200x675.png 1200w\" sizes=\"(max-width: 1980px) calc(100vw + 1.25rem*2 + 0.625rem*2), 1920px\" \/><\/div><div class=\"wp-block-thefuturblocks-webgl-slide__inner-wrapper\"><div class=\"wp-block-thefuturblocks-webgl-slide__inner-container has-76-w@large\"><div class=\"wp-block-thefuturblocks-webgl-slide__inner\"><div class=\"wp-block-thefuturblocks-webgl-slide__content\"><h6 class=\"wp-block-thefuturblocks-webgl-slide__subtitle has-white-color\">Visage et corps<\/h6><h2 class=\"wp-block-thefuturblocks-webgl-slide__title has-white-color has-fz-48@large has-fz-38@small has-fw-500\">Des techniques lasers efficaces, rapides et s\u00fbres pour les hommes et les femmes<\/h2><\/div>\n<div class=\"wp-block-thefuturblocks-button\"><a href=\"\/index.php\/portfolio\/traitements-laser-visage\/\" class=\"wp-block-thefuturblocks-button__link has-pl-46 has-pr-46 has-pt-22 has-pb-22\"><div class=\"wp-block-thefuturblocks-button__holder\"><p class=\"wp-block-thefuturblocks-button__text\" style=\"font-size:12px\">En savoir plus<\/p><\/div><\/a><\/div>\n<\/div><\/div><\/div><\/div>\n\n\n\n<div class=\"wp-block-thefuturblocks-webgl-slide\"><div class=\"wp-block-thefuturblocks-webgl-slide__image\"><img decoding=\"async\" width=\"1920\" height=\"1080\" src=\"http:\/\/www.centre-dermatologique.com\/wp-content\/uploads\/2021\/07\/30-1.png\" alt=\"\" class=\"wp-image-12368\" srcset=\"https:\/\/www.centre-dermatologique.com\/wp-content\/uploads\/2021\/07\/30-1.png 1920w, https:\/\/www.centre-dermatologique.com\/wp-content\/uploads\/2021\/07\/30-1-300x169.png 300w, https:\/\/www.centre-dermatologique.com\/wp-content\/uploads\/2021\/07\/30-1-1024x576.png 1024w, https:\/\/www.centre-dermatologique.com\/wp-content\/uploads\/2021\/07\/30-1-768x432.png 768w, https:\/\/www.centre-dermatologique.com\/wp-content\/uploads\/2021\/07\/30-1-1536x864.png 1536w, https:\/\/www.centre-dermatologique.com\/wp-content\/uploads\/2021\/07\/30-1-1200x675.png 1200w\" sizes=\"(max-width: 1980px) calc(100vw + 1.25rem*2 + 0.625rem*2), 1920px\" \/><\/div><div class=\"wp-block-thefuturblocks-webgl-slide__inner-wrapper\"><div class=\"wp-block-thefuturblocks-webgl-slide__inner-container\"><div class=\"wp-block-thefuturblocks-webgl-slide__inner\"><div class=\"wp-block-thefuturblocks-webgl-slide__content\"><h6 class=\"wp-block-thefuturblocks-webgl-slide__subtitle has-white-smoke-color\">Epilation d\u00e9finitive \u00e0 Saint-Rapha\u00ebl<\/h6><h2 class=\"wp-block-thefuturblocks-webgl-slide__title has-white-color has-fz-38@small\">Une technique d\u2019\u00e9pilation rapide, s\u00e9curis\u00e9e pour tous les types de peaux<\/h2><\/div>\n<div class=\"wp-block-thefuturblocks-button\"><a href=\"\/index.php\/portfolio\/epilation-laser\/\" class=\"wp-block-thefuturblocks-button__link has-pl-46 has-pr-46 has-pt-22 has-pb-22\"><div class=\"wp-block-thefuturblocks-button__holder\"><p class=\"wp-block-thefuturblocks-button__text\" style=\"font-size:12px\">En savoir plus<\/p><\/div><\/a><\/div>\n\n\n\n<p><\/p>\n<\/div><\/div><\/div><\/div>\n\n\n\n<div class=\"wp-block-thefuturblocks-webgl-slide\"><div class=\"wp-block-thefuturblocks-webgl-slide__image\"><img decoding=\"async\" width=\"1920\" height=\"1080\" src=\"http:\/\/www.centre-dermatologique.com\/wp-content\/uploads\/2021\/07\/31.png\" alt=\"\" class=\"wp-image-12369\" srcset=\"https:\/\/www.centre-dermatologique.com\/wp-content\/uploads\/2021\/07\/31.png 1920w, https:\/\/www.centre-dermatologique.com\/wp-content\/uploads\/2021\/07\/31-300x169.png 300w, https:\/\/www.centre-dermatologique.com\/wp-content\/uploads\/2021\/07\/31-1024x576.png 1024w, https:\/\/www.centre-dermatologique.com\/wp-content\/uploads\/2021\/07\/31-768x432.png 768w, https:\/\/www.centre-dermatologique.com\/wp-content\/uploads\/2021\/07\/31-1536x864.png 1536w, https:\/\/www.centre-dermatologique.com\/wp-content\/uploads\/2021\/07\/31-1200x675.png 1200w\" sizes=\"(max-width: 1980px) calc(100vw + 1.25rem*2 + 0.625rem*2), 1920px\" \/><\/div><div class=\"wp-block-thefuturblocks-webgl-slide__inner-wrapper\"><div class=\"wp-block-thefuturblocks-webgl-slide__inner-container has-82-w@large\"><div class=\"wp-block-thefuturblocks-webgl-slide__inner\"><div class=\"wp-block-thefuturblocks-webgl-slide__content\"><h6 class=\"wp-block-thefuturblocks-webgl-slide__subtitle has-white-color\">Minceur et beaut\u00e9 du corps<\/h6><h2 class=\"wp-block-thefuturblocks-webgl-slide__title has-white-smoke-color has-fz-48@large has-fz-32@small\">Remodeler sa plastique, tonifier sa silhouette, d\u00e9loger la cellulite, remettre sa peau sous tension pour un corps au top&nbsp;!<\/h2><\/div>\n<div class=\"wp-block-thefuturblocks-button\"><a href=\"\/index.php\/portfolio\/cryolipolyse\/\" class=\"wp-block-thefuturblocks-button__link has-pl-46 has-pr-46 has-pt-22 has-pb-22\"><div class=\"wp-block-thefuturblocks-button__holder\"><p class=\"wp-block-thefuturblocks-button__text\" style=\"font-size:12px\">En savoir plus<\/p><\/div><\/a><\/div>\n\n\n\n<p><\/p>\n<\/div><\/div><\/div><\/div>\n<div class=\"wp-block-thefuturblocks-webgl-slider__dmap\"><\/div><div class=\"wp-block-thefuturblocks-webgl-slider__dripple\"><\/div><div class=\"wp-block-thefuturblocks-webgl-slider__nav\"><div class=\"wp-block-thefuturblocks-webgl-slider__nav-prev\"><div class=\"thefutur-icons thefutur-icons__arrow-left-thin\"><\/div><\/div><div class=\"wp-block-thefuturblocks-webgl-slider__nav-next\"><div class=\"thefutur-icons thefutur-icons__arrow-right-thin\"><\/div><\/div><\/div><div class=\"wp-block-thefuturblocks-webgl-slider__navigation\"><div class=\"wp-block-thefuturblocks-webgl-slider__bullets\" data-active=\"#fff\" data-dot=\"#fff\"><\/div><div class=\"wp-block-thefuturblocks-webgl-slider__progress\"><div class=\"wp-block-thefuturblocks-webgl-slider__progress-inner\"><span class=\"wp-block-thefuturblocks-webgl-slider__progress-index\"><\/span><div class=\"wp-block-thefuturblocks-webgl-slider__progress-separator\"><div class=\"wp-block-thefuturblocks-webgl-slider__progress-line\"><\/div><\/div><span class=\"wp-block-thefuturblocks-webgl-slider__progress-length\"><\/span><\/div><\/div><\/div><\/div>\n","protected":false},"excerpt":{"rendered":"","protected":false},"author":1,"featured_media":0,"parent":0,"menu_order":0,"comment_status":"closed","ping_status":"closed","template":"page-templates\/page-no-scroll.php","meta":{"_thefuturmeta_header_display":true,"_thefuturmeta_header_style":"style-one","_thefuturmeta_header_border":false,"_thefuturmeta_header_main_nav":true,"_thefuturmeta_header_main_nav_pos":"right","_thefuturmeta_header_main_nav_light":true,"_thefuturmeta_header_sec_nav_style":"fill","_thefuturmeta_header_sec_nav":true,"_thefuturmeta_header_sec_nav_light":true,"_thefuturmeta_header_sec_logo":true,"_thefuturmeta_header_bg":"transparent","_thefuturmeta_header_sticky":false,"_thefuturmeta_header_woo_my_acc_display":false,"_thefuturmeta_header_woo_cart_display":false,"_thefuturmeta_header_woo_icon_light":false,"_thefuturmeta_header_sticky_style":"style-one","_thefuturmeta_header_sticky_main_nav":true,"_thefuturmeta_header_sticky_border":true,"_thefuturmeta_header_sticky_main_nav_pos":"right","_thefuturmeta_header_sticky_main_nav_light":false,"_thefuturmeta_header_sticky_sec_nav_style":"empty","_thefuturmeta_header_sticky_sec_nav":true,"_thefuturmeta_header_sticky_sec_nav_light":false,"_thefuturmeta_header_sticky_sec_logo":false,"_thefuturmeta_header_sticky_bg":"light","_thefuturmeta_header_sticky_woo_my_acc_display":false,"_thefuturmeta_header_sticky_woo_cart_display":false,"_thefuturmeta_header_sticky_woo_icon_light":false,"_thefuturmeta_footer_widget":true,"_thefuturmeta_footer_info":false,"_thefuturmeta_footer_fixed":false,"_thefuturmeta_main_cont_padding_top":90,"_thefuturmeta_main_cont_padding_bot":90,"_thefuturmeta_cursor_circle_light":false,"_thefuturmeta_post_title_visibility":true,"_thefuturmeta_post_title_alignment":"","_thefuturmeta_post_layout":"","_thefuturmeta_post_static_id":0,"_thefuturmeta_post_loader":true,"_thefuturmeta_post_title_color":"#1f1f1f","_thefuturmeta_post_bg_color":"#f7f8f9","footnotes":""},"class_list":["post-10862","page","type-page","status-publish","hentry"],"_links":{"self":[{"href":"https:\/\/www.centre-dermatologique.com\/index.php\/wp-json\/wp\/v2\/pages\/10862","targetHints":{"allow":["GET"]}}],"collection":[{"href":"https:\/\/www.centre-dermatologique.com\/index.php\/wp-json\/wp\/v2\/pages"}],"about":[{"href":"https:\/\/www.centre-dermatologique.com\/index.php\/wp-json\/wp\/v2\/types\/page"}],"author":[{"embeddable":true,"href":"https:\/\/www.centre-dermatologique.com\/index.php\/wp-json\/wp\/v2\/users\/1"}],"replies":[{"embeddable":true,"href":"https:\/\/www.centre-dermatologique.com\/index.php\/wp-json\/wp\/v2\/comments?post=10862"}],"version-history":[{"count":6,"href":"https:\/\/www.centre-dermatologique.com\/index.php\/wp-json\/wp\/v2\/pages\/10862\/revisions"}],"predecessor-version":[{"id":13081,"href":"https:\/\/www.centre-dermatologique.com\/index.php\/wp-json\/wp\/v2\/pages\/10862\/revisions\/13081"}],"wp:attachment":[{"href":"https:\/\/www.centre-dermatologique.com\/index.php\/wp-json\/wp\/v2\/media?parent=10862"}],"curies":[{"name":"wp","href":"https:\/\/api.w.org\/{rel}","templated":true}]}}